{"id":2577,"date":"2025-01-13T08:19:04","date_gmt":"2025-01-13T07:19:04","guid":{"rendered":"http:\/\/localhost\/comena\/?page_id=2577"},"modified":"2025-03-20T10:08:13","modified_gmt":"2025-03-20T09:08:13","slug":"agricultural-sector-2","status":"publish","type":"page","link":"https:\/\/www.comena.dz\/?page_id=2577&lang=en","title":{"rendered":"Agricultural sector"},"content":{"rendered":"\t\t<div data-elementor-type=\"wp-page\" data-elementor-id=\"2577\" class=\"elementor elementor-2577\" data-elementor-post-type=\"page\">\n\t\t\t\t<div class=\"elementor-element elementor-element-5b1e65a e-con-full e-flex wpr-particle-no wpr-jarallax-no wpr-parallax-no wpr-sticky-section-no e-con e-parent\" data-id=\"5b1e65a\" data-element_type=\"container\">\n\t\t<div class=\"elementor-element elementor-element-fb7fd31 e-con-full e-flex wpr-particle-no wpr-jarallax-no wpr-parallax-no wpr-sticky-section-no e-con e-child\" data-id=\"fb7fd31\" data-element_type=\"container\">\n\t\t\t\t<\/div>\n\t\t<div class=\"elementor-element elementor-element-9d18301 e-con-full e-flex wpr-particle-no wpr-jarallax-no wpr-parallax-no wpr-sticky-section-no e-con e-child\" data-id=\"9d18301\" data-element_type=\"container\">\n\t\t\t\t<div class=\"elementor-element elementor-element-e358302 elementor-absolute elementor-widget elementor-widget-text-editor\" data-id=\"e358302\" data-element_type=\"widget\" data-settings=\"{&quot;_position&quot;:&quot;absolute&quot;}\" data-widget_type=\"text-editor.default\">\n\t\t\t\t<div class=\"elementor-widget-container\">\n\t\t\t\t\t\t\t\t\t<p>You are here :\u00a0 <span style=\"text-decoration: underline;\">\u00a0Home<\/span> \/ <span style=\"text-decoration: underline;\">Cooperation<\/span> \/ <span style=\"text-decoration: underline;\">National cooperation<\/span> \/ Agricultural sector<\/p>\t\t\t\t\t\t\t\t<\/div>\n\t\t\t\t<\/div>\n\t\t\t\t<\/div>\n\t\t\t\t<\/div>\n\t\t<div class=\"elementor-element elementor-element-ba311d7 e-con-full e-flex wpr-particle-no wpr-jarallax-no wpr-parallax-no wpr-sticky-section-no e-con e-parent\" data-id=\"ba311d7\" data-element_type=\"container\">\n\t\t<div class=\"elementor-element elementor-element-18806e8 e-con-full e-flex wpr-particle-no wpr-jarallax-no wpr-parallax-no wpr-sticky-section-no e-con e-child\" data-id=\"18806e8\" data-element_type=\"container\">\n\t\t\t\t<div class=\"elementor-element elementor-element-3b0eb73 elementor-widget__width-inherit elementor-widget elementor-widget-heading\" data-id=\"3b0eb73\" data-element_type=\"widget\" data-widget_type=\"heading.default\">\n\t\t\t\t<div class=\"elementor-widget-container\">\n\t\t\t\t\t<h1 class=\"elementor-heading-title elementor-size-default\">NATIONAL COOPERATION  <\/h1>\t\t\t\t<\/div>\n\t\t\t\t<\/div>\n\t\t\t\t<div class=\"elementor-element elementor-element-ab89e91 elementor-widget elementor-widget-image\" data-id=\"ab89e91\" data-element_type=\"widget\" data-widget_type=\"image.default\">\n\t\t\t\t<div class=\"elementor-widget-container\">\n\t\t\t\t\t\t\t\t\t\t\t\t\t\t\t<img fetchpriority=\"high\" decoding=\"async\" width=\"489\" height=\"498\" src=\"https:\/\/www.comena.dz\/wp-content\/uploads\/2025\/01\/cooperation.jpg\" class=\"attachment-large size-large wp-image-2137\" alt=\"\" \/>\t\t\t\t\t\t\t\t\t\t\t\t\t\t\t<\/div>\n\t\t\t\t<\/div>\n\t\t\t\t<\/div>\n\t\t<div class=\"elementor-element elementor-element-1ff54d1 e-con-full e-flex wpr-particle-no wpr-jarallax-no wpr-parallax-no wpr-sticky-section-no e-con e-child\" data-id=\"1ff54d1\" data-element_type=\"container\">\n\t\t\t\t<\/div>\n\t\t<div class=\"elementor-element elementor-element-8c08207 e-con-full e-flex wpr-particle-no wpr-jarallax-no wpr-parallax-no wpr-sticky-section-no e-con e-child\" data-id=\"8c08207\" data-element_type=\"container\">\n\t\t\t\t<div class=\"elementor-element elementor-element-3728894 elementor-share-buttons--view-icon elementor-widget__width-initial elementor-share-buttons--skin-gradient elementor-share-buttons--shape-square elementor-grid-0 elementor-share-buttons--color-official elementor-widget elementor-widget-share-buttons\" data-id=\"3728894\" data-element_type=\"widget\" data-widget_type=\"share-buttons.default\">\n\t\t\t\t<div class=\"elementor-widget-container\">\n\t\t\t\t\t\t\t<div class=\"elementor-grid\">\n\t\t\t\t\t\t\t\t<div class=\"elementor-grid-item\">\n\t\t\t\t\t\t<div\n\t\t\t\t\t\t\tclass=\"elementor-share-btn elementor-share-btn_facebook\"\n\t\t\t\t\t\t\trole=\"button\"\n\t\t\t\t\t\t\ttabindex=\"0\"\n\t\t\t\t\t\t\taria-label=\"Share on facebook\"\n\t\t\t\t\t\t>\n\t\t\t\t\t\t\t\t\t\t\t\t\t\t\t<span class=\"elementor-share-btn__icon\">\n\t\t\t\t\t\t\t\t<svg class=\"e-font-icon-svg e-fab-facebook\" viewBox=\"0 0 512 512\" xmlns=\"http:\/\/www.w3.org\/2000\/svg\"><path d=\"M504 256C504 119 393 8 256 8S8 119 8 256c0 123.78 90.69 226.38 209.25 245V327.69h-63V256h63v-54.64c0-62.15 37-96.48 93.67-96.48 27.14 0 55.52 4.84 55.52 4.84v61h-31.28c-30.8 0-40.41 19.12-40.41 38.73V256h68.78l-11 71.69h-57.78V501C413.31 482.38 504 379.78 504 256z\"><\/path><\/svg>\t\t\t\t\t\t\t<\/span>\n\t\t\t\t\t\t\t\t\t\t\t\t\t\t\t\t\t\t\t\t<\/div>\n\t\t\t\t\t<\/div>\n\t\t\t\t\t\t\t\t\t<div class=\"elementor-grid-item\">\n\t\t\t\t\t\t<div\n\t\t\t\t\t\t\tclass=\"elementor-share-btn elementor-share-btn_x-twitter\"\n\t\t\t\t\t\t\trole=\"button\"\n\t\t\t\t\t\t\ttabindex=\"0\"\n\t\t\t\t\t\t\taria-label=\"Share on x-twitter\"\n\t\t\t\t\t\t>\n\t\t\t\t\t\t\t\t\t\t\t\t\t\t\t<span class=\"elementor-share-btn__icon\">\n\t\t\t\t\t\t\t\t<svg class=\"e-font-icon-svg e-fab-x-twitter\" viewBox=\"0 0 512 512\" xmlns=\"http:\/\/www.w3.org\/2000\/svg\"><path d=\"M389.2 48h70.6L305.6 224.2 487 464H345L233.7 318.6 106.5 464H35.8L200.7 275.5 26.8 48H172.4L272.9 180.9 389.2 48zM364.4 421.8h39.1L151.1 88h-42L364.4 421.8z\"><\/path><\/svg>\t\t\t\t\t\t\t<\/span>\n\t\t\t\t\t\t\t\t\t\t\t\t\t\t\t\t\t\t\t\t<\/div>\n\t\t\t\t\t<\/div>\n\t\t\t\t\t\t\t\t\t<div class=\"elementor-grid-item\">\n\t\t\t\t\t\t<div\n\t\t\t\t\t\t\tclass=\"elementor-share-btn elementor-share-btn_linkedin\"\n\t\t\t\t\t\t\trole=\"button\"\n\t\t\t\t\t\t\ttabindex=\"0\"\n\t\t\t\t\t\t\taria-label=\"Share on linkedin\"\n\t\t\t\t\t\t>\n\t\t\t\t\t\t\t\t\t\t\t\t\t\t\t<span class=\"elementor-share-btn__icon\">\n\t\t\t\t\t\t\t\t<svg class=\"e-font-icon-svg e-fab-linkedin\" viewBox=\"0 0 448 512\" xmlns=\"http:\/\/www.w3.org\/2000\/svg\"><path d=\"M416 32H31.9C14.3 32 0 46.5 0 64.3v383.4C0 465.5 14.3 480 31.9 480H416c17.6 0 32-14.5 32-32.3V64.3c0-17.8-14.4-32.3-32-32.3zM135.4 416H69V202.2h66.5V416zm-33.2-243c-21.3 0-38.5-17.3-38.5-38.5S80.9 96 102.2 96c21.2 0 38.5 17.3 38.5 38.5 0 21.3-17.2 38.5-38.5 38.5zm282.1 243h-66.4V312c0-24.8-.5-56.7-34.5-56.7-34.6 0-39.9 27-39.9 54.9V416h-66.4V202.2h63.7v29.2h.9c8.9-16.8 30.6-34.5 62.9-34.5 67.2 0 79.7 44.3 79.7 101.9V416z\"><\/path><\/svg>\t\t\t\t\t\t\t<\/span>\n\t\t\t\t\t\t\t\t\t\t\t\t\t\t\t\t\t\t\t\t<\/div>\n\t\t\t\t\t<\/div>\n\t\t\t\t\t\t\t\t\t<div class=\"elementor-grid-item\">\n\t\t\t\t\t\t<div\n\t\t\t\t\t\t\tclass=\"elementor-share-btn elementor-share-btn_whatsapp\"\n\t\t\t\t\t\t\trole=\"button\"\n\t\t\t\t\t\t\ttabindex=\"0\"\n\t\t\t\t\t\t\taria-label=\"Share on whatsapp\"\n\t\t\t\t\t\t>\n\t\t\t\t\t\t\t\t\t\t\t\t\t\t\t<span class=\"elementor-share-btn__icon\">\n\t\t\t\t\t\t\t\t<svg class=\"e-font-icon-svg e-fab-whatsapp\" viewBox=\"0 0 448 512\" xmlns=\"http:\/\/www.w3.org\/2000\/svg\"><path d=\"M380.9 97.1C339 55.1 283.2 32 223.9 32c-122.4 0-222 99.6-222 222 0 39.1 10.2 77.3 29.6 111L0 480l117.7-30.9c32.4 17.7 68.9 27 106.1 27h.1c122.3 0 224.1-99.6 224.1-222 0-59.3-25.2-115-67.1-157zm-157 341.6c-33.2 0-65.7-8.9-94-25.7l-6.7-4-69.8 18.3L72 359.2l-4.4-7c-18.5-29.4-28.2-63.3-28.2-98.2 0-101.7 82.8-184.5 184.6-184.5 49.3 0 95.6 19.2 130.4 54.1 34.8 34.9 56.2 81.2 56.1 130.5 0 101.8-84.9 184.6-186.6 184.6zm101.2-138.2c-5.5-2.8-32.8-16.2-37.9-18-5.1-1.9-8.8-2.8-12.5 2.8-3.7 5.6-14.3 18-17.6 21.8-3.2 3.7-6.5 4.2-12 1.4-32.6-16.3-54-29.1-75.5-66-5.7-9.8 5.7-9.1 16.3-30.3 1.8-3.7.9-6.9-.5-9.7-1.4-2.8-12.5-30.1-17.1-41.2-4.5-10.8-9.1-9.3-12.5-9.5-3.2-.2-6.9-.2-10.6-.2-3.7 0-9.7 1.4-14.8 6.9-5.1 5.6-19.4 19-19.4 46.3 0 27.3 19.9 53.7 22.6 57.4 2.8 3.7 39.1 59.7 94.8 83.8 35.2 15.2 49 16.5 66.6 13.9 10.7-1.6 32.8-13.4 37.4-26.4 4.6-13 4.6-24.1 3.2-26.4-1.3-2.5-5-3.9-10.5-6.6z\"><\/path><\/svg>\t\t\t\t\t\t\t<\/span>\n\t\t\t\t\t\t\t\t\t\t\t\t\t\t\t\t\t\t\t\t<\/div>\n\t\t\t\t\t<\/div>\n\t\t\t\t\t\t\t\t\t<div class=\"elementor-grid-item\">\n\t\t\t\t\t\t<div\n\t\t\t\t\t\t\tclass=\"elementor-share-btn elementor-share-btn_print\"\n\t\t\t\t\t\t\trole=\"button\"\n\t\t\t\t\t\t\ttabindex=\"0\"\n\t\t\t\t\t\t\taria-label=\"Share on print\"\n\t\t\t\t\t\t>\n\t\t\t\t\t\t\t\t\t\t\t\t\t\t\t<span class=\"elementor-share-btn__icon\">\n\t\t\t\t\t\t\t\t<svg class=\"e-font-icon-svg e-fas-print\" viewBox=\"0 0 512 512\" xmlns=\"http:\/\/www.w3.org\/2000\/svg\"><path d=\"M448 192V77.25c0-8.49-3.37-16.62-9.37-22.63L393.37 9.37c-6-6-14.14-9.37-22.63-9.37H96C78.33 0 64 14.33 64 32v160c-35.35 0-64 28.65-64 64v112c0 8.84 7.16 16 16 16h48v96c0 17.67 14.33 32 32 32h320c17.67 0 32-14.33 32-32v-96h48c8.84 0 16-7.16 16-16V256c0-35.35-28.65-64-64-64zm-64 256H128v-96h256v96zm0-224H128V64h192v48c0 8.84 7.16 16 16 16h48v96zm48 72c-13.25 0-24-10.75-24-24 0-13.26 10.75-24 24-24s24 10.74 24 24c0 13.25-10.75 24-24 24z\"><\/path><\/svg>\t\t\t\t\t\t\t<\/span>\n\t\t\t\t\t\t\t\t\t\t\t\t\t\t\t\t\t\t\t\t<\/div>\n\t\t\t\t\t<\/div>\n\t\t\t\t\t\t<\/div>\n\t\t\t\t\t\t<\/div>\n\t\t\t\t<\/div>\n\t\t\t\t<div class=\"elementor-element elementor-element-3d4a7f0 elementor-widget elementor-widget-heading\" data-id=\"3d4a7f0\" data-element_type=\"widget\" data-widget_type=\"heading.default\">\n\t\t\t\t<div class=\"elementor-widget-container\">\n\t\t\t\t\t<h1 class=\"elementor-heading-title elementor-size-default\">Agricultural sector<\/h1>\t\t\t\t<\/div>\n\t\t\t\t<\/div>\n\t\t\t\t<div class=\"elementor-element elementor-element-04a0041 elementor-widget elementor-widget-text-editor\" data-id=\"04a0041\" data-element_type=\"widget\" data-widget_type=\"text-editor.default\">\n\t\t\t\t<div class=\"elementor-widget-container\">\n\t\t\t\t\t\t\t\t\t<p>The priorities identified within the framework of agricultural and rural renewal policies include the application of new technologies, including nuclear techniques applied to the fields of plant production, crop protection, combating desertification, and animal production and health.<\/p><p>The cooperation developed between COMENA and the agricultural sector covers plant protection; plant improvement by radiomutagenesis, field evaluation with regard to biotic and abiotic stresses, animal production and health, technologies for better animal reproduction, ecosystem sustainability and the fight against desertification (soil fertility, plant nutrition, optimal water management for irrigation).<\/p><p>En ce qui concerne la maladie du Bayoud dans les palmeraies, les nouveaux d\u00e9veloppements dans le s\u00e9quen\u00e7age et la compr\u00e9hension du g\u00e9nome du palmier dattier ouvrent de nouvelles opportunit\u00e9s pour les am\u00e9liorateurs\/ s\u00e9lectionneurs, d\u2019int\u00e9grer ces derni\u00e8res connaissances dans l\u2019identification et une meilleure appr\u00e9hension de l\u2019\u00e9volution de la maladie et le d\u00e9veloppement des nouvelles approches de lutte int\u00e9grant l\u2019utilisation de la mutation induite par irradiation.<\/p><p>Une fructueuse coop\u00e9ration entre le COMENA et le secteur de l\u2019agriculture est d\u00e9velopp\u00e9e dans l\u2019utilisation de la mutation radio-induite pour l\u2019obtention et la s\u00e9lection de mutants (via les techniques in vivo et in vitro) pr\u00e9sentant une tol\u00e9rance \u00e0 la s\u00e9cheresse, v\u00e9ritable obstacle au d\u00e9veloppement des principales cultures strat\u00e9giques, telles que le bl\u00e9 et l\u2019orge.<\/p>\t\t\t\t\t\t\t\t<\/div>\n\t\t\t\t<\/div>\n\t\t\t\t<\/div>\n\t\t\t\t<\/div>\n\t\t\t\t<\/div>\n\t\t","protected":false},"excerpt":{"rendered":"<p>You are here :\u00a0 \u00a0Home \/ Cooperation \/ National cooperation \/ Agricultural sector NATIONAL COOPERATION Agricultural sector The priorities identified<\/p>\n","protected":false},"author":1,"featured_media":2137,"parent":0,"menu_order":0,"comment_status":"closed","ping_status":"closed","template":"","meta":{"_uag_custom_page_level_css":"","ub_ctt_via":"","site-sidebar-layout":"no-sidebar","site-content-layout":"","ast-site-content-layout":"full-width-container","site-content-style":"default","site-sidebar-style":"default","ast-global-header-display":"","ast-banner-title-visibility":"","ast-main-header-display":"","ast-hfb-above-header-display":"","ast-hfb-below-header-display":"","ast-hfb-mobile-header-display":"","site-post-title":"disabled","ast-breadcrumbs-content":"","ast-featured-img":"disabled","footer-sml-layout":"","theme-transparent-header-meta":"","adv-header-id-meta":"","stick-header-meta":"","header-above-stick-meta":"","header-main-stick-meta":"","header-below-stick-meta":"","astra-migrate-meta-layouts":"default","ast-page-background-enabled":"default","ast-page-background-meta":{"desktop":{"background-color":"var(--ast-global-color-4)","background-image":"","background-repeat":"repeat","background-position":"center center","background-size":"auto","background-attachment":"scroll","background-type":"","background-media":"","overlay-type":"","overlay-color":"","overlay-opacity":"","overlay-gradient":""},"tablet":{"background-color":"","background-image":"","background-repeat":"repeat","background-position":"center center","background-size":"auto","background-attachment":"scroll","background-type":"","background-media":"","overlay-type":"","overlay-color":"","overlay-opacity":"","overlay-gradient":""},"mobile":{"background-color":"","background-image":"","background-repeat":"repeat","background-position":"center center","background-size":"auto","background-attachment":"scroll","background-type":"","background-media":"","overlay-type":"","overlay-color":"","overlay-opacity":"","overlay-gradient":""}},"ast-content-background-meta":{"desktop":{"background-color":"var(--ast-global-color-5)","background-image":"","background-repeat":"repeat","background-position":"center center","background-size":"auto","background-attachment":"scroll","background-type":"","background-media":"","overlay-type":"","overlay-color":"","overlay-opacity":"","overlay-gradient":""},"tablet":{"background-color":"var(--ast-global-color-5)","background-image":"","background-repeat":"repeat","background-position":"center center","background-size":"auto","background-attachment":"scroll","background-type":"","background-media":"","overlay-type":"","overlay-color":"","overlay-opacity":"","overlay-gradient":""},"mobile":{"background-color":"var(--ast-global-color-5)","background-image":"","background-repeat":"repeat","background-position":"center center","background-size":"auto","background-attachment":"scroll","background-type":"","background-media":"","overlay-type":"","overlay-color":"","overlay-opacity":"","overlay-gradient":""}},"footnotes":""},"class_list":["post-2577","page","type-page","status-publish","has-post-thumbnail","hentry"],"featured_image_src":"https:\/\/www.comena.dz\/wp-content\/uploads\/2025\/01\/cooperation.jpg","yoast_head":"<!-- This site is optimized with the Yoast SEO plugin v24.6 - https:\/\/yoast.com\/wordpress\/plugins\/seo\/ -->\n<title>Agricultural sector - Commissariat \u00e0 l&#039;Energie Atomique<\/title>\n<meta name=\"robots\" content=\"index, follow, max-snippet:-1, max-image-preview:large, max-video-preview:-1\" \/>\n<link rel=\"canonical\" href=\"https:\/\/www.comena.dz\/?page_id=2577&lang=en\" \/>\n<meta property=\"og:locale\" content=\"fr_FR\" \/>\n<meta property=\"og:type\" content=\"article\" \/>\n<meta property=\"og:title\" content=\"Agricultural sector - Commissariat \u00e0 l&#039;Energie Atomique\" \/>\n<meta property=\"og:description\" content=\"You are here :\u00a0 \u00a0Home \/ Cooperation \/ National cooperation \/ Agricultural sector NATIONAL COOPERATION Agricultural sector The priorities identified\" \/>\n<meta property=\"og:url\" content=\"https:\/\/www.comena.dz\/?page_id=2577&amp;lang=en\" \/>\n<meta property=\"og:site_name\" content=\"Commissariat \u00e0 l&#039;Energie Atomique\" \/>\n<meta property=\"article:modified_time\" content=\"2025-03-20T09:08:13+00:00\" \/>\n<meta property=\"og:image\" content=\"https:\/\/www.comena.dz\/wp-content\/uploads\/2025\/01\/cooperation.jpg\" \/>\n\t<meta property=\"og:image:width\" content=\"489\" \/>\n\t<meta property=\"og:image:height\" content=\"498\" \/>\n\t<meta property=\"og:image:type\" content=\"image\/jpeg\" \/>\n<meta name=\"twitter:card\" content=\"summary_large_image\" \/>\n<meta name=\"twitter:label1\" content=\"Dur\u00e9e de lecture estim\u00e9e\" \/>\n\t<meta name=\"twitter:data1\" content=\"2 minutes\" \/>\n<script type=\"application\/ld+json\" class=\"yoast-schema-graph\">{\"@context\":\"https:\/\/schema.org\",\"@graph\":[{\"@type\":\"WebPage\",\"@id\":\"https:\/\/www.comena.dz\/?page_id=2577&lang=en\",\"url\":\"https:\/\/www.comena.dz\/?page_id=2577&lang=en\",\"name\":\"Agricultural sector - Commissariat \u00e0 l&#039;Energie Atomique\",\"isPartOf\":{\"@id\":\"https:\/\/www.comena.dz\/#website\"},\"primaryImageOfPage\":{\"@id\":\"https:\/\/www.comena.dz\/?page_id=2577&lang=en#primaryimage\"},\"image\":{\"@id\":\"https:\/\/www.comena.dz\/?page_id=2577&lang=en#primaryimage\"},\"thumbnailUrl\":\"https:\/\/www.comena.dz\/wp-content\/uploads\/2025\/01\/cooperation.jpg\",\"datePublished\":\"2025-01-13T07:19:04+00:00\",\"dateModified\":\"2025-03-20T09:08:13+00:00\",\"breadcrumb\":{\"@id\":\"https:\/\/www.comena.dz\/?page_id=2577&lang=en#breadcrumb\"},\"inLanguage\":\"fr-FR\",\"potentialAction\":[{\"@type\":\"ReadAction\",\"target\":[\"https:\/\/www.comena.dz\/?page_id=2577&lang=en\"]}]},{\"@type\":\"ImageObject\",\"inLanguage\":\"fr-FR\",\"@id\":\"https:\/\/www.comena.dz\/?page_id=2577&lang=en#primaryimage\",\"url\":\"https:\/\/www.comena.dz\/wp-content\/uploads\/2025\/01\/cooperation.jpg\",\"contentUrl\":\"https:\/\/www.comena.dz\/wp-content\/uploads\/2025\/01\/cooperation.jpg\",\"width\":489,\"height\":498},{\"@type\":\"BreadcrumbList\",\"@id\":\"https:\/\/www.comena.dz\/?page_id=2577&lang=en#breadcrumb\",\"itemListElement\":[{\"@type\":\"ListItem\",\"position\":1,\"name\":\"Accueil\",\"item\":\"https:\/\/www.comena.dz\/\"},{\"@type\":\"ListItem\",\"position\":2,\"name\":\"Agricultural sector\"}]},{\"@type\":\"WebSite\",\"@id\":\"https:\/\/www.comena.dz\/#website\",\"url\":\"https:\/\/www.comena.dz\/\",\"name\":\"Commissariat \u00e0 l&#039;Energie Atomique\",\"description\":\"\",\"potentialAction\":[{\"@type\":\"SearchAction\",\"target\":{\"@type\":\"EntryPoint\",\"urlTemplate\":\"https:\/\/www.comena.dz\/?s={search_term_string}\"},\"query-input\":{\"@type\":\"PropertyValueSpecification\",\"valueRequired\":true,\"valueName\":\"search_term_string\"}}],\"inLanguage\":\"fr-FR\"}]}<\/script>\n<!-- \/ Yoast SEO plugin. -->","yoast_head_json":{"title":"Agricultural sector - Commissariat \u00e0 l&#039;Energie Atomique","robots":{"index":"index","follow":"follow","max-snippet":"max-snippet:-1","max-image-preview":"max-image-preview:large","max-video-preview":"max-video-preview:-1"},"canonical":"https:\/\/www.comena.dz\/?page_id=2577&lang=en","og_locale":"fr_FR","og_type":"article","og_title":"Agricultural sector - Commissariat \u00e0 l&#039;Energie Atomique","og_description":"You are here :\u00a0 \u00a0Home \/ Cooperation \/ National cooperation \/ Agricultural sector NATIONAL COOPERATION Agricultural sector The priorities identified","og_url":"https:\/\/www.comena.dz\/?page_id=2577&lang=en","og_site_name":"Commissariat \u00e0 l&#039;Energie Atomique","article_modified_time":"2025-03-20T09:08:13+00:00","og_image":[{"width":489,"height":498,"url":"https:\/\/www.comena.dz\/wp-content\/uploads\/2025\/01\/cooperation.jpg","type":"image\/jpeg"}],"twitter_card":"summary_large_image","twitter_misc":{"Dur\u00e9e de lecture estim\u00e9e":"2 minutes"},"schema":{"@context":"https:\/\/schema.org","@graph":[{"@type":"WebPage","@id":"https:\/\/www.comena.dz\/?page_id=2577&lang=en","url":"https:\/\/www.comena.dz\/?page_id=2577&lang=en","name":"Agricultural sector - Commissariat \u00e0 l&#039;Energie Atomique","isPartOf":{"@id":"https:\/\/www.comena.dz\/#website"},"primaryImageOfPage":{"@id":"https:\/\/www.comena.dz\/?page_id=2577&lang=en#primaryimage"},"image":{"@id":"https:\/\/www.comena.dz\/?page_id=2577&lang=en#primaryimage"},"thumbnailUrl":"https:\/\/www.comena.dz\/wp-content\/uploads\/2025\/01\/cooperation.jpg","datePublished":"2025-01-13T07:19:04+00:00","dateModified":"2025-03-20T09:08:13+00:00","breadcrumb":{"@id":"https:\/\/www.comena.dz\/?page_id=2577&lang=en#breadcrumb"},"inLanguage":"fr-FR","potentialAction":[{"@type":"ReadAction","target":["https:\/\/www.comena.dz\/?page_id=2577&lang=en"]}]},{"@type":"ImageObject","inLanguage":"fr-FR","@id":"https:\/\/www.comena.dz\/?page_id=2577&lang=en#primaryimage","url":"https:\/\/www.comena.dz\/wp-content\/uploads\/2025\/01\/cooperation.jpg","contentUrl":"https:\/\/www.comena.dz\/wp-content\/uploads\/2025\/01\/cooperation.jpg","width":489,"height":498},{"@type":"BreadcrumbList","@id":"https:\/\/www.comena.dz\/?page_id=2577&lang=en#breadcrumb","itemListElement":[{"@type":"ListItem","position":1,"name":"Accueil","item":"https:\/\/www.comena.dz\/"},{"@type":"ListItem","position":2,"name":"Agricultural sector"}]},{"@type":"WebSite","@id":"https:\/\/www.comena.dz\/#website","url":"https:\/\/www.comena.dz\/","name":"Commissariat \u00e0 l&#039;Energie Atomique","description":"","potentialAction":[{"@type":"SearchAction","target":{"@type":"EntryPoint","urlTemplate":"https:\/\/www.comena.dz\/?s={search_term_string}"},"query-input":{"@type":"PropertyValueSpecification","valueRequired":true,"valueName":"search_term_string"}}],"inLanguage":"fr-FR"}]}},"uagb_featured_image_src":{"full":["https:\/\/www.comena.dz\/wp-content\/uploads\/2025\/01\/cooperation.jpg",489,498,false],"thumbnail":["https:\/\/www.comena.dz\/wp-content\/uploads\/2025\/01\/cooperation-150x150.jpg",150,150,true],"medium":["https:\/\/www.comena.dz\/wp-content\/uploads\/2025\/01\/cooperation-295x300.jpg",295,300,true],"medium_large":["https:\/\/www.comena.dz\/wp-content\/uploads\/2025\/01\/cooperation.jpg",489,498,false],"large":["https:\/\/www.comena.dz\/wp-content\/uploads\/2025\/01\/cooperation.jpg",489,498,false],"1536x1536":["https:\/\/www.comena.dz\/wp-content\/uploads\/2025\/01\/cooperation.jpg",489,498,false],"2048x2048":["https:\/\/www.comena.dz\/wp-content\/uploads\/2025\/01\/cooperation.jpg",489,498,false]},"uagb_author_info":{"display_name":"admin","author_link":"https:\/\/www.comena.dz\/?author=1"},"uagb_comment_info":0,"uagb_excerpt":"You are here :\u00a0 \u00a0Home \/ Cooperation \/ National cooperation \/ Agricultural sector NATIONAL COOPERATION Agricultural sector The priorities identified","rttpg_featured_image_url":{"full":["https:\/\/www.comena.dz\/wp-content\/uploads\/2025\/01\/cooperation.jpg",489,498,false],"landscape":["https:\/\/www.comena.dz\/wp-content\/uploads\/2025\/01\/cooperation.jpg",489,498,false],"portraits":["https:\/\/www.comena.dz\/wp-content\/uploads\/2025\/01\/cooperation.jpg",489,498,false],"thumbnail":["https:\/\/www.comena.dz\/wp-content\/uploads\/2025\/01\/cooperation-150x150.jpg",150,150,true],"medium":["https:\/\/www.comena.dz\/wp-content\/uploads\/2025\/01\/cooperation-295x300.jpg",295,300,true],"large":["https:\/\/www.comena.dz\/wp-content\/uploads\/2025\/01\/cooperation.jpg",489,498,false],"1536x1536":["https:\/\/www.comena.dz\/wp-content\/uploads\/2025\/01\/cooperation.jpg",489,498,false],"2048x2048":["https:\/\/www.comena.dz\/wp-content\/uploads\/2025\/01\/cooperation.jpg",489,498,false]},"rttpg_author":{"display_name":"admin","author_link":"https:\/\/www.comena.dz\/?author=1"},"rttpg_comment":0,"rttpg_category":" <a href=\"https:\/\/www.comena.dz\/?lang=en\" rel=\"tag\">English<\/a>","rttpg_excerpt":"You are here :\u00a0 \u00a0Home \/ Cooperation \/ National cooperation \/ Agricultural sector NATIONAL COOPERATION Agricultural sector The priorities identified","_links":{"self":[{"href":"https:\/\/www.comena.dz\/index.php?rest_route=\/wp\/v2\/pages\/2577","targetHints":{"allow":["GET"]}}],"collection":[{"href":"https:\/\/www.comena.dz\/index.php?rest_route=\/wp\/v2\/pages"}],"about":[{"href":"https:\/\/www.comena.dz\/index.php?rest_route=\/wp\/v2\/types\/page"}],"author":[{"embeddable":true,"href":"https:\/\/www.comena.dz\/index.php?rest_route=\/wp\/v2\/users\/1"}],"replies":[{"embeddable":true,"href":"https:\/\/www.comena.dz\/index.php?rest_route=%2Fwp%2Fv2%2Fcomments&post=2577"}],"version-history":[{"count":16,"href":"https:\/\/www.comena.dz\/index.php?rest_route=\/wp\/v2\/pages\/2577\/revisions"}],"predecessor-version":[{"id":5142,"href":"https:\/\/www.comena.dz\/index.php?rest_route=\/wp\/v2\/pages\/2577\/revisions\/5142"}],"wp:featuredmedia":[{"embeddable":true,"href":"https:\/\/www.comena.dz\/index.php?rest_route=\/wp\/v2\/media\/2137"}],"wp:attachment":[{"href":"https:\/\/www.comena.dz\/index.php?rest_route=%2Fwp%2Fv2%2Fmedia&parent=2577"}],"curies":[{"name":"wp","href":"https:\/\/api.w.org\/{rel}","templated":true}]}}