{"id":1060,"date":"2024-12-31T10:44:31","date_gmt":"2024-12-31T09:44:31","guid":{"rendered":"http:\/\/localhost\/comena\/?page_id=1060"},"modified":"2025-03-20T10:40:55","modified_gmt":"2025-03-20T09:40:55","slug":"organisation","status":"publish","type":"page","link":"https:\/\/www.comena.dz\/?page_id=1060","title":{"rendered":"Organisation"},"content":{"rendered":"\t\t<div data-elementor-type=\"wp-page\" data-elementor-id=\"1060\" class=\"elementor elementor-1060\" data-elementor-post-type=\"page\">\n\t\t\t\t<div class=\"elementor-element elementor-element-5e2ddfa e-con-full e-flex wpr-particle-no wpr-jarallax-no wpr-parallax-no wpr-sticky-section-no e-con e-parent\" data-id=\"5e2ddfa\" data-element_type=\"container\">\n\t\t<div class=\"elementor-element elementor-element-846163f e-con-full e-flex wpr-particle-no wpr-jarallax-no wpr-parallax-no wpr-sticky-section-no e-con e-child\" data-id=\"846163f\" data-element_type=\"container\">\n\t\t\t\t<\/div>\n\t\t<div class=\"elementor-element elementor-element-21a4ce5 e-con-full e-flex wpr-particle-no wpr-jarallax-no wpr-parallax-no wpr-sticky-section-no e-con e-child\" data-id=\"21a4ce5\" data-element_type=\"container\">\n\t\t\t\t<div class=\"elementor-element elementor-element-af3b720 elementor-absolute elementor-widget elementor-widget-text-editor\" data-id=\"af3b720\" data-element_type=\"widget\" data-settings=\"{&quot;_position&quot;:&quot;absolute&quot;}\" data-widget_type=\"text-editor.default\">\n\t\t\t\t<div class=\"elementor-widget-container\">\n\t\t\t\t\t\t\t\t\t<p>Vous \u00eates ici :\u00a0 <span style=\"text-decoration: underline;\">\u00a0Accueil<\/span>\u00a0 \/ <span style=\"text-decoration: underline;\">A propos de nous<\/span>\u00a0 \/ Organisation<\/p>\t\t\t\t\t\t\t\t<\/div>\n\t\t\t\t<\/div>\n\t\t\t\t<\/div>\n\t\t\t\t<\/div>\n\t\t<div class=\"elementor-element elementor-element-7b07465 e-con-full e-flex wpr-particle-no wpr-jarallax-no wpr-parallax-no wpr-sticky-section-no e-con e-parent\" data-id=\"7b07465\" data-element_type=\"container\">\n\t\t<div class=\"elementor-element elementor-element-965efc2 e-con-full e-flex wpr-particle-no wpr-jarallax-no wpr-parallax-no wpr-sticky-section-no e-con e-child\" data-id=\"965efc2\" data-element_type=\"container\">\n\t\t\t\t<div class=\"elementor-element elementor-element-2b35c98 elementor-widget__width-inherit elementor-widget elementor-widget-heading\" data-id=\"2b35c98\" data-element_type=\"widget\" data-widget_type=\"heading.default\">\n\t\t\t\t<div class=\"elementor-widget-container\">\n\t\t\t\t\t<h1 class=\"elementor-heading-title elementor-size-default\">ORGANISATION<\/h1>\t\t\t\t<\/div>\n\t\t\t\t<\/div>\n\t\t\t\t<div class=\"elementor-element elementor-element-b1a5b01 elementor-widget elementor-widget-image\" data-id=\"b1a5b01\" data-element_type=\"widget\" data-widget_type=\"image.default\">\n\t\t\t\t<div class=\"elementor-widget-container\">\n\t\t\t\t\t\t\t\t\t\t\t\t\t\t\t<img fetchpriority=\"high\" decoding=\"async\" width=\"408\" height=\"368\" src=\"https:\/\/www.comena.dz\/wp-content\/uploads\/2024\/12\/hist_com.jpg\" class=\"attachment-large size-large wp-image-1036\" alt=\"\" \/>\t\t\t\t\t\t\t\t\t\t\t\t\t\t\t<\/div>\n\t\t\t\t<\/div>\n\t\t\t\t<\/div>\n\t\t<div class=\"elementor-element elementor-element-fb89e0c e-con-full e-flex wpr-particle-no wpr-jarallax-no wpr-parallax-no wpr-sticky-section-no e-con e-child\" data-id=\"fb89e0c\" data-element_type=\"container\">\n\t\t\t\t<\/div>\n\t\t<div class=\"elementor-element elementor-element-4d9a3a0 e-con-full e-flex wpr-particle-no wpr-jarallax-no wpr-parallax-no wpr-sticky-section-no e-con e-child\" data-id=\"4d9a3a0\" data-element_type=\"container\">\n\t\t\t\t<div class=\"elementor-element elementor-element-e5bc28a elementor-share-buttons--view-icon elementor-widget__width-initial elementor-share-buttons--skin-gradient elementor-share-buttons--shape-square elementor-grid-0 elementor-share-buttons--color-official elementor-widget elementor-widget-share-buttons\" data-id=\"e5bc28a\" data-element_type=\"widget\" data-widget_type=\"share-buttons.default\">\n\t\t\t\t<div class=\"elementor-widget-container\">\n\t\t\t\t\t\t\t<div class=\"elementor-grid\">\n\t\t\t\t\t\t\t\t<div class=\"elementor-grid-item\">\n\t\t\t\t\t\t<div\n\t\t\t\t\t\t\tclass=\"elementor-share-btn elementor-share-btn_facebook\"\n\t\t\t\t\t\t\trole=\"button\"\n\t\t\t\t\t\t\ttabindex=\"0\"\n\t\t\t\t\t\t\taria-label=\"Share on facebook\"\n\t\t\t\t\t\t>\n\t\t\t\t\t\t\t\t\t\t\t\t\t\t\t<span class=\"elementor-share-btn__icon\">\n\t\t\t\t\t\t\t\t<svg class=\"e-font-icon-svg e-fab-facebook\" viewBox=\"0 0 512 512\" xmlns=\"http:\/\/www.w3.org\/2000\/svg\"><path d=\"M504 256C504 119 393 8 256 8S8 119 8 256c0 123.78 90.69 226.38 209.25 245V327.69h-63V256h63v-54.64c0-62.15 37-96.48 93.67-96.48 27.14 0 55.52 4.84 55.52 4.84v61h-31.28c-30.8 0-40.41 19.12-40.41 38.73V256h68.78l-11 71.69h-57.78V501C413.31 482.38 504 379.78 504 256z\"><\/path><\/svg>\t\t\t\t\t\t\t<\/span>\n\t\t\t\t\t\t\t\t\t\t\t\t\t\t\t\t\t\t\t\t<\/div>\n\t\t\t\t\t<\/div>\n\t\t\t\t\t\t\t\t\t<div class=\"elementor-grid-item\">\n\t\t\t\t\t\t<div\n\t\t\t\t\t\t\tclass=\"elementor-share-btn elementor-share-btn_x-twitter\"\n\t\t\t\t\t\t\trole=\"button\"\n\t\t\t\t\t\t\ttabindex=\"0\"\n\t\t\t\t\t\t\taria-label=\"Share on x-twitter\"\n\t\t\t\t\t\t>\n\t\t\t\t\t\t\t\t\t\t\t\t\t\t\t<span class=\"elementor-share-btn__icon\">\n\t\t\t\t\t\t\t\t<svg class=\"e-font-icon-svg e-fab-x-twitter\" viewBox=\"0 0 512 512\" xmlns=\"http:\/\/www.w3.org\/2000\/svg\"><path d=\"M389.2 48h70.6L305.6 224.2 487 464H345L233.7 318.6 106.5 464H35.8L200.7 275.5 26.8 48H172.4L272.9 180.9 389.2 48zM364.4 421.8h39.1L151.1 88h-42L364.4 421.8z\"><\/path><\/svg>\t\t\t\t\t\t\t<\/span>\n\t\t\t\t\t\t\t\t\t\t\t\t\t\t\t\t\t\t\t\t<\/div>\n\t\t\t\t\t<\/div>\n\t\t\t\t\t\t\t\t\t<div class=\"elementor-grid-item\">\n\t\t\t\t\t\t<div\n\t\t\t\t\t\t\tclass=\"elementor-share-btn elementor-share-btn_linkedin\"\n\t\t\t\t\t\t\trole=\"button\"\n\t\t\t\t\t\t\ttabindex=\"0\"\n\t\t\t\t\t\t\taria-label=\"Share on linkedin\"\n\t\t\t\t\t\t>\n\t\t\t\t\t\t\t\t\t\t\t\t\t\t\t<span class=\"elementor-share-btn__icon\">\n\t\t\t\t\t\t\t\t<svg class=\"e-font-icon-svg e-fab-linkedin\" viewBox=\"0 0 448 512\" xmlns=\"http:\/\/www.w3.org\/2000\/svg\"><path d=\"M416 32H31.9C14.3 32 0 46.5 0 64.3v383.4C0 465.5 14.3 480 31.9 480H416c17.6 0 32-14.5 32-32.3V64.3c0-17.8-14.4-32.3-32-32.3zM135.4 416H69V202.2h66.5V416zm-33.2-243c-21.3 0-38.5-17.3-38.5-38.5S80.9 96 102.2 96c21.2 0 38.5 17.3 38.5 38.5 0 21.3-17.2 38.5-38.5 38.5zm282.1 243h-66.4V312c0-24.8-.5-56.7-34.5-56.7-34.6 0-39.9 27-39.9 54.9V416h-66.4V202.2h63.7v29.2h.9c8.9-16.8 30.6-34.5 62.9-34.5 67.2 0 79.7 44.3 79.7 101.9V416z\"><\/path><\/svg>\t\t\t\t\t\t\t<\/span>\n\t\t\t\t\t\t\t\t\t\t\t\t\t\t\t\t\t\t\t\t<\/div>\n\t\t\t\t\t<\/div>\n\t\t\t\t\t\t\t\t\t<div class=\"elementor-grid-item\">\n\t\t\t\t\t\t<div\n\t\t\t\t\t\t\tclass=\"elementor-share-btn elementor-share-btn_whatsapp\"\n\t\t\t\t\t\t\trole=\"button\"\n\t\t\t\t\t\t\ttabindex=\"0\"\n\t\t\t\t\t\t\taria-label=\"Share on whatsapp\"\n\t\t\t\t\t\t>\n\t\t\t\t\t\t\t\t\t\t\t\t\t\t\t<span class=\"elementor-share-btn__icon\">\n\t\t\t\t\t\t\t\t<svg class=\"e-font-icon-svg e-fab-whatsapp\" viewBox=\"0 0 448 512\" xmlns=\"http:\/\/www.w3.org\/2000\/svg\"><path d=\"M380.9 97.1C339 55.1 283.2 32 223.9 32c-122.4 0-222 99.6-222 222 0 39.1 10.2 77.3 29.6 111L0 480l117.7-30.9c32.4 17.7 68.9 27 106.1 27h.1c122.3 0 224.1-99.6 224.1-222 0-59.3-25.2-115-67.1-157zm-157 341.6c-33.2 0-65.7-8.9-94-25.7l-6.7-4-69.8 18.3L72 359.2l-4.4-7c-18.5-29.4-28.2-63.3-28.2-98.2 0-101.7 82.8-184.5 184.6-184.5 49.3 0 95.6 19.2 130.4 54.1 34.8 34.9 56.2 81.2 56.1 130.5 0 101.8-84.9 184.6-186.6 184.6zm101.2-138.2c-5.5-2.8-32.8-16.2-37.9-18-5.1-1.9-8.8-2.8-12.5 2.8-3.7 5.6-14.3 18-17.6 21.8-3.2 3.7-6.5 4.2-12 1.4-32.6-16.3-54-29.1-75.5-66-5.7-9.8 5.7-9.1 16.3-30.3 1.8-3.7.9-6.9-.5-9.7-1.4-2.8-12.5-30.1-17.1-41.2-4.5-10.8-9.1-9.3-12.5-9.5-3.2-.2-6.9-.2-10.6-.2-3.7 0-9.7 1.4-14.8 6.9-5.1 5.6-19.4 19-19.4 46.3 0 27.3 19.9 53.7 22.6 57.4 2.8 3.7 39.1 59.7 94.8 83.8 35.2 15.2 49 16.5 66.6 13.9 10.7-1.6 32.8-13.4 37.4-26.4 4.6-13 4.6-24.1 3.2-26.4-1.3-2.5-5-3.9-10.5-6.6z\"><\/path><\/svg>\t\t\t\t\t\t\t<\/span>\n\t\t\t\t\t\t\t\t\t\t\t\t\t\t\t\t\t\t\t\t<\/div>\n\t\t\t\t\t<\/div>\n\t\t\t\t\t\t\t\t\t<div class=\"elementor-grid-item\">\n\t\t\t\t\t\t<div\n\t\t\t\t\t\t\tclass=\"elementor-share-btn elementor-share-btn_print\"\n\t\t\t\t\t\t\trole=\"button\"\n\t\t\t\t\t\t\ttabindex=\"0\"\n\t\t\t\t\t\t\taria-label=\"Share on print\"\n\t\t\t\t\t\t>\n\t\t\t\t\t\t\t\t\t\t\t\t\t\t\t<span class=\"elementor-share-btn__icon\">\n\t\t\t\t\t\t\t\t<svg class=\"e-font-icon-svg e-fas-print\" viewBox=\"0 0 512 512\" xmlns=\"http:\/\/www.w3.org\/2000\/svg\"><path d=\"M448 192V77.25c0-8.49-3.37-16.62-9.37-22.63L393.37 9.37c-6-6-14.14-9.37-22.63-9.37H96C78.33 0 64 14.33 64 32v160c-35.35 0-64 28.65-64 64v112c0 8.84 7.16 16 16 16h48v96c0 17.67 14.33 32 32 32h320c17.67 0 32-14.33 32-32v-96h48c8.84 0 16-7.16 16-16V256c0-35.35-28.65-64-64-64zm-64 256H128v-96h256v96zm0-224H128V64h192v48c0 8.84 7.16 16 16 16h48v96zm48 72c-13.25 0-24-10.75-24-24 0-13.26 10.75-24 24-24s24 10.74 24 24c0 13.25-10.75 24-24 24z\"><\/path><\/svg>\t\t\t\t\t\t\t<\/span>\n\t\t\t\t\t\t\t\t\t\t\t\t\t\t\t\t\t\t\t\t<\/div>\n\t\t\t\t\t<\/div>\n\t\t\t\t\t\t<\/div>\n\t\t\t\t\t\t<\/div>\n\t\t\t\t<\/div>\n\t\t\t\t<div class=\"elementor-element elementor-element-6ac2858 elementor-widget elementor-widget-heading\" data-id=\"6ac2858\" data-element_type=\"widget\" data-widget_type=\"heading.default\">\n\t\t\t\t<div class=\"elementor-widget-container\">\n\t\t\t\t\t<h1 class=\"elementor-heading-title elementor-size-default\">Organisation du COMENA<\/h1>\t\t\t\t<\/div>\n\t\t\t\t<\/div>\n\t\t\t\t<div class=\"elementor-element elementor-element-4565319 elementor-widget elementor-widget-text-editor\" data-id=\"4565319\" data-element_type=\"widget\" data-widget_type=\"text-editor.default\">\n\t\t\t\t<div class=\"elementor-widget-container\">\n\t\t\t\t\t\t\t\t\t<p>La mise en \u0153uvre du programme du COMENA est assur\u00e9e par ses entit\u00e9s op\u00e9rationnelles d\u2019\u00e9tudes et de recherche\u00a0et de formation:<\/p><ul><li><strong>Le Centre de Recherche Nucl\u00e9aire d\u2019Alger (CRNA),<\/strong><\/li><\/ul><p>Le CRNA est charg\u00e9 du d\u00e9veloppement de programmes de recherche dans les domaines de la physique, des techniques nucl\u00e9aires, des applications nucl\u00e9aires, de la physique radiologique, de l\u2019environnement, de la s\u00fbret\u00e9 nucl\u00e9aire et des d\u00e9chets radioactifs.<\/p><ul><li><strong>Le Centre de Recherche Nucl\u00e9aire de Birine (CRNB), Djelfa<\/strong><\/li><\/ul><p>Le CRNB est charg\u00e9 du d\u00e9veloppement de programmes de recherche scientifique et technique dans les domaines de la physique et de la technologie des r\u00e9acteurs, de l\u2019instrumentation et du contr\u00f4le des installations nucl\u00e9aires, des techniques et processus de production de radio-isotopes, des applications neutroniques, de la s\u00fbret\u00e9 nucl\u00e9aire et de l\u2019environnement, de la gestion et du traitement des d\u00e9chets radioactifs.<\/p><p>Il est aussi charg\u00e9 de l\u2019exploitation s\u00fbre du r\u00e9acteur Es-Salam et des installations associ\u00e9es.<\/p><ul><li><strong>Le Centre de Recherche Nucl\u00e9aire de Draria (CRND), Alger<\/strong><\/li><\/ul><p>Le CRND est charg\u00e9 du d\u00e9veloppement de programmes de recherche dans les domaines de la valorisation des mat\u00e9riaux li\u00e9s \u00e0 la fabrication de combustible nucl\u00e9aire, la physique, les techniques et le g\u00e9nie nucl\u00e9aires. Il est \u00e9galement charg\u00e9\u00a0 de\u00a0 l\u2019exploitation s\u00fbre du r\u00e9acteur NUR.\u00a0<\/p><ul><li><strong>Le Centre de Recherche Nucl\u00e9aire Tamanrasset (CRNT),<\/strong><\/li><\/ul><p>Le CRNT a pour mission d\u2019entreprendre toute activit\u00e9 destin\u00e9e \u00e0 la recherche et \u00e0 la mise en valeur des mati\u00e8res premi\u00e8res n\u00e9cessaires au d\u00e9veloppement de l\u2019\u00e9nergie nucl\u00e9aire.\u00a0\u00a0<\/p><ul><li><strong>L\u2019institut Alg\u00e9rien de Formation en G\u00e9nie Nucl\u00e9aire (IAGN), Alger<\/strong><\/li><\/ul><p>L\u2019IAGN a pour\u00a0 mission la prise en charge de la formation sp\u00e9cialis\u00e9e en g\u00e9nie nucl\u00e9aire, notamment la formation sp\u00e9cialis\u00e9e dans les diff\u00e9rents domaines d\u2019activit\u00e9 du COMENA.<\/p><ul><li><strong>Le Centre de Formation et d\u2019Appui \u00e0 la S\u00e9curit\u00e9 Nucl\u00e9aire (CSN), Alger<\/strong><\/li><\/ul><p>Le CSN a pour mission \u00a0\u00a0\u00a0\u00a0\u00a0\u00a0 la mise en \u0153uvre de la politique de formation pour le d\u00e9veloppement d\u2019une ressource humaine hautement qualifi\u00e9e dans le domaine de la r\u00e9glementation et de la gestion de la s\u00e9curit\u00e9 nucl\u00e9aire, l\u2019appui scientifique &amp; technique aux autorit\u00e9s en mati\u00e8re de conception et de mise en \u0153uvre des politiques nationales de s\u00e9curit\u00e9 nucl\u00e9aire.<\/p><ul><li><strong>L\u2019Unit\u00e9 de Recherche et D\u00e9veloppement en Ing\u00e9nierie Nucl\u00e9aire (URDIN), Alger<\/strong><\/li><\/ul><p>L\u2019URDIN a pour mission le d\u00e9veloppement des outils d\u2019ing\u00e9nierie nucl\u00e9aire et plateformes technologiques, la conduite d\u2019\u00e9tudes d\u2019ing\u00e9nierie d\u2019\u00e9quipements et installations nucl\u00e9aires, le suivi de la r\u00e9alisation des \u00e9quipements et installations nucl\u00e9aires et la valorisation des produits de la recherche-d\u00e9veloppement.<\/p>\t\t\t\t\t\t\t\t<\/div>\n\t\t\t\t<\/div>\n\t\t\t\t<\/div>\n\t\t\t\t<\/div>\n\t\t\t\t<\/div>\n\t\t","protected":false},"excerpt":{"rendered":"<p>Vous \u00eates ici :\u00a0 \u00a0Accueil\u00a0 \/ A propos de nous\u00a0 \/ Organisation ORGANISATION Organisation du COMENA La mise en \u0153uvre<\/p>\n","protected":false},"author":1,"featured_media":1036,"parent":0,"menu_order":0,"comment_status":"closed","ping_status":"closed","template":"","meta":{"_uag_custom_page_level_css":"","ub_ctt_via":"","site-sidebar-layout":"no-sidebar","site-content-layout":"","ast-site-content-layout":"full-width-container","site-content-style":"default","site-sidebar-style":"default","ast-global-header-display":"","ast-banner-title-visibility":"","ast-main-header-display":"","ast-hfb-above-header-display":"","ast-hfb-below-header-display":"","ast-hfb-mobile-header-display":"","site-post-title":"disabled","ast-breadcrumbs-content":"","ast-featured-img":"disabled","footer-sml-layout":"","theme-transparent-header-meta":"","adv-header-id-meta":"","stick-header-meta":"","header-above-stick-meta":"","header-main-stick-meta":"","header-below-stick-meta":"","astra-migrate-meta-layouts":"default","ast-page-background-enabled":"default","ast-page-background-meta":{"desktop":{"background-color":"var(--ast-global-color-4)","background-image":"","background-repeat":"repeat","background-position":"center center","background-size":"auto","background-attachment":"scroll","background-type":"","background-media":"","overlay-type":"","overlay-color":"","overlay-opacity":"","overlay-gradient":""},"tablet":{"background-color":"","background-image":"","background-repeat":"repeat","background-position":"center center","background-size":"auto","background-attachment":"scroll","background-type":"","background-media":"","overlay-type":"","overlay-color":"","overlay-opacity":"","overlay-gradient":""},"mobile":{"background-color":"","background-image":"","background-repeat":"repeat","background-position":"center center","background-size":"auto","background-attachment":"scroll","background-type":"","background-media":"","overlay-type":"","overlay-color":"","overlay-opacity":"","overlay-gradient":""}},"ast-content-background-meta":{"desktop":{"background-color":"var(--ast-global-color-5)","background-image":"","background-repeat":"repeat","background-position":"center center","background-size":"auto","background-attachment":"scroll","background-type":"","background-media":"","overlay-type":"","overlay-color":"","overlay-opacity":"","overlay-gradient":""},"tablet":{"background-color":"var(--ast-global-color-5)","background-image":"","background-repeat":"repeat","background-position":"center center","background-size":"auto","background-attachment":"scroll","background-type":"","background-media":"","overlay-type":"","overlay-color":"","overlay-opacity":"","overlay-gradient":""},"mobile":{"background-color":"var(--ast-global-color-5)","background-image":"","background-repeat":"repeat","background-position":"center center","background-size":"auto","background-attachment":"scroll","background-type":"","background-media":"","overlay-type":"","overlay-color":"","overlay-opacity":"","overlay-gradient":""}},"footnotes":""},"class_list":["post-1060","page","type-page","status-publish","has-post-thumbnail","hentry"],"featured_image_src":"https:\/\/www.comena.dz\/wp-content\/uploads\/2024\/12\/hist_com.jpg","yoast_head":"<!-- This site is optimized with the Yoast SEO plugin v24.6 - https:\/\/yoast.com\/wordpress\/plugins\/seo\/ -->\n<title>Organisation - Commissariat \u00e0 l&#039;Energie Atomique<\/title>\n<meta name=\"robots\" content=\"index, follow, max-snippet:-1, max-image-preview:large, max-video-preview:-1\" \/>\n<link rel=\"canonical\" href=\"https:\/\/www.comena.dz\/?page_id=1060\" \/>\n<meta property=\"og:locale\" content=\"fr_FR\" \/>\n<meta property=\"og:type\" content=\"article\" \/>\n<meta property=\"og:title\" content=\"Organisation - Commissariat \u00e0 l&#039;Energie Atomique\" \/>\n<meta property=\"og:description\" content=\"Vous \u00eates ici :\u00a0 \u00a0Accueil\u00a0 \/ A propos de nous\u00a0 \/ Organisation ORGANISATION Organisation du COMENA La mise en \u0153uvre\" \/>\n<meta property=\"og:url\" content=\"https:\/\/www.comena.dz\/?page_id=1060\" \/>\n<meta property=\"og:site_name\" content=\"Commissariat \u00e0 l&#039;Energie Atomique\" \/>\n<meta property=\"article:modified_time\" content=\"2025-03-20T09:40:55+00:00\" \/>\n<meta property=\"og:image\" content=\"https:\/\/www.comena.dz\/wp-content\/uploads\/2024\/12\/hist_com.jpg\" \/>\n\t<meta property=\"og:image:width\" content=\"408\" \/>\n\t<meta property=\"og:image:height\" content=\"368\" \/>\n\t<meta property=\"og:image:type\" content=\"image\/jpeg\" \/>\n<meta name=\"twitter:card\" content=\"summary_large_image\" \/>\n<meta name=\"twitter:label1\" content=\"Dur\u00e9e de lecture estim\u00e9e\" \/>\n\t<meta name=\"twitter:data1\" content=\"3 minutes\" \/>\n<script type=\"application\/ld+json\" class=\"yoast-schema-graph\">{\"@context\":\"https:\/\/schema.org\",\"@graph\":[{\"@type\":\"WebPage\",\"@id\":\"https:\/\/www.comena.dz\/?page_id=1060\",\"url\":\"https:\/\/www.comena.dz\/?page_id=1060\",\"name\":\"Organisation - Commissariat \u00e0 l&#039;Energie Atomique\",\"isPartOf\":{\"@id\":\"https:\/\/www.comena.dz\/#website\"},\"primaryImageOfPage\":{\"@id\":\"https:\/\/www.comena.dz\/?page_id=1060#primaryimage\"},\"image\":{\"@id\":\"https:\/\/www.comena.dz\/?page_id=1060#primaryimage\"},\"thumbnailUrl\":\"https:\/\/www.comena.dz\/wp-content\/uploads\/2024\/12\/hist_com.jpg\",\"datePublished\":\"2024-12-31T09:44:31+00:00\",\"dateModified\":\"2025-03-20T09:40:55+00:00\",\"breadcrumb\":{\"@id\":\"https:\/\/www.comena.dz\/?page_id=1060#breadcrumb\"},\"inLanguage\":\"fr-FR\",\"potentialAction\":[{\"@type\":\"ReadAction\",\"target\":[\"https:\/\/www.comena.dz\/?page_id=1060\"]}]},{\"@type\":\"ImageObject\",\"inLanguage\":\"fr-FR\",\"@id\":\"https:\/\/www.comena.dz\/?page_id=1060#primaryimage\",\"url\":\"https:\/\/www.comena.dz\/wp-content\/uploads\/2024\/12\/hist_com.jpg\",\"contentUrl\":\"https:\/\/www.comena.dz\/wp-content\/uploads\/2024\/12\/hist_com.jpg\",\"width\":408,\"height\":368},{\"@type\":\"BreadcrumbList\",\"@id\":\"https:\/\/www.comena.dz\/?page_id=1060#breadcrumb\",\"itemListElement\":[{\"@type\":\"ListItem\",\"position\":1,\"name\":\"Accueil\",\"item\":\"https:\/\/www.comena.dz\/\"},{\"@type\":\"ListItem\",\"position\":2,\"name\":\"Organisation\"}]},{\"@type\":\"WebSite\",\"@id\":\"https:\/\/www.comena.dz\/#website\",\"url\":\"https:\/\/www.comena.dz\/\",\"name\":\"Commissariat \u00e0 l&#039;Energie Atomique\",\"description\":\"\",\"potentialAction\":[{\"@type\":\"SearchAction\",\"target\":{\"@type\":\"EntryPoint\",\"urlTemplate\":\"https:\/\/www.comena.dz\/?s={search_term_string}\"},\"query-input\":{\"@type\":\"PropertyValueSpecification\",\"valueRequired\":true,\"valueName\":\"search_term_string\"}}],\"inLanguage\":\"fr-FR\"}]}<\/script>\n<!-- \/ Yoast SEO plugin. -->","yoast_head_json":{"title":"Organisation - Commissariat \u00e0 l&#039;Energie Atomique","robots":{"index":"index","follow":"follow","max-snippet":"max-snippet:-1","max-image-preview":"max-image-preview:large","max-video-preview":"max-video-preview:-1"},"canonical":"https:\/\/www.comena.dz\/?page_id=1060","og_locale":"fr_FR","og_type":"article","og_title":"Organisation - Commissariat \u00e0 l&#039;Energie Atomique","og_description":"Vous \u00eates ici :\u00a0 \u00a0Accueil\u00a0 \/ A propos de nous\u00a0 \/ Organisation ORGANISATION Organisation du COMENA La mise en \u0153uvre","og_url":"https:\/\/www.comena.dz\/?page_id=1060","og_site_name":"Commissariat \u00e0 l&#039;Energie Atomique","article_modified_time":"2025-03-20T09:40:55+00:00","og_image":[{"width":408,"height":368,"url":"https:\/\/www.comena.dz\/wp-content\/uploads\/2024\/12\/hist_com.jpg","type":"image\/jpeg"}],"twitter_card":"summary_large_image","twitter_misc":{"Dur\u00e9e de lecture estim\u00e9e":"3 minutes"},"schema":{"@context":"https:\/\/schema.org","@graph":[{"@type":"WebPage","@id":"https:\/\/www.comena.dz\/?page_id=1060","url":"https:\/\/www.comena.dz\/?page_id=1060","name":"Organisation - Commissariat \u00e0 l&#039;Energie Atomique","isPartOf":{"@id":"https:\/\/www.comena.dz\/#website"},"primaryImageOfPage":{"@id":"https:\/\/www.comena.dz\/?page_id=1060#primaryimage"},"image":{"@id":"https:\/\/www.comena.dz\/?page_id=1060#primaryimage"},"thumbnailUrl":"https:\/\/www.comena.dz\/wp-content\/uploads\/2024\/12\/hist_com.jpg","datePublished":"2024-12-31T09:44:31+00:00","dateModified":"2025-03-20T09:40:55+00:00","breadcrumb":{"@id":"https:\/\/www.comena.dz\/?page_id=1060#breadcrumb"},"inLanguage":"fr-FR","potentialAction":[{"@type":"ReadAction","target":["https:\/\/www.comena.dz\/?page_id=1060"]}]},{"@type":"ImageObject","inLanguage":"fr-FR","@id":"https:\/\/www.comena.dz\/?page_id=1060#primaryimage","url":"https:\/\/www.comena.dz\/wp-content\/uploads\/2024\/12\/hist_com.jpg","contentUrl":"https:\/\/www.comena.dz\/wp-content\/uploads\/2024\/12\/hist_com.jpg","width":408,"height":368},{"@type":"BreadcrumbList","@id":"https:\/\/www.comena.dz\/?page_id=1060#breadcrumb","itemListElement":[{"@type":"ListItem","position":1,"name":"Accueil","item":"https:\/\/www.comena.dz\/"},{"@type":"ListItem","position":2,"name":"Organisation"}]},{"@type":"WebSite","@id":"https:\/\/www.comena.dz\/#website","url":"https:\/\/www.comena.dz\/","name":"Commissariat \u00e0 l&#039;Energie Atomique","description":"","potentialAction":[{"@type":"SearchAction","target":{"@type":"EntryPoint","urlTemplate":"https:\/\/www.comena.dz\/?s={search_term_string}"},"query-input":{"@type":"PropertyValueSpecification","valueRequired":true,"valueName":"search_term_string"}}],"inLanguage":"fr-FR"}]}},"uagb_featured_image_src":{"full":["https:\/\/www.comena.dz\/wp-content\/uploads\/2024\/12\/hist_com.jpg",408,368,false],"thumbnail":["https:\/\/www.comena.dz\/wp-content\/uploads\/2024\/12\/hist_com-150x150.jpg",150,150,true],"medium":["https:\/\/www.comena.dz\/wp-content\/uploads\/2024\/12\/hist_com-300x271.jpg",300,271,true],"medium_large":["https:\/\/www.comena.dz\/wp-content\/uploads\/2024\/12\/hist_com.jpg",408,368,false],"large":["https:\/\/www.comena.dz\/wp-content\/uploads\/2024\/12\/hist_com.jpg",408,368,false],"1536x1536":["https:\/\/www.comena.dz\/wp-content\/uploads\/2024\/12\/hist_com.jpg",408,368,false],"2048x2048":["https:\/\/www.comena.dz\/wp-content\/uploads\/2024\/12\/hist_com.jpg",408,368,false]},"uagb_author_info":{"display_name":"admin","author_link":"https:\/\/www.comena.dz\/?author=1"},"uagb_comment_info":0,"uagb_excerpt":"Vous \u00eates ici :\u00a0 \u00a0Accueil\u00a0 \/ A propos de nous\u00a0 \/ Organisation ORGANISATION Organisation du COMENA La mise en \u0153uvre","rttpg_featured_image_url":{"full":["https:\/\/www.comena.dz\/wp-content\/uploads\/2024\/12\/hist_com.jpg",408,368,false],"landscape":["https:\/\/www.comena.dz\/wp-content\/uploads\/2024\/12\/hist_com.jpg",408,368,false],"portraits":["https:\/\/www.comena.dz\/wp-content\/uploads\/2024\/12\/hist_com.jpg",408,368,false],"thumbnail":["https:\/\/www.comena.dz\/wp-content\/uploads\/2024\/12\/hist_com-150x150.jpg",150,150,true],"medium":["https:\/\/www.comena.dz\/wp-content\/uploads\/2024\/12\/hist_com-300x271.jpg",300,271,true],"large":["https:\/\/www.comena.dz\/wp-content\/uploads\/2024\/12\/hist_com.jpg",408,368,false],"1536x1536":["https:\/\/www.comena.dz\/wp-content\/uploads\/2024\/12\/hist_com.jpg",408,368,false],"2048x2048":["https:\/\/www.comena.dz\/wp-content\/uploads\/2024\/12\/hist_com.jpg",408,368,false]},"rttpg_author":{"display_name":"admin","author_link":"https:\/\/www.comena.dz\/?author=1"},"rttpg_comment":0,"rttpg_category":" <a href=\"https:\/\/www.comena.dz\/\" rel=\"tag\">Fran\u00e7ais<\/a>","rttpg_excerpt":"Vous \u00eates ici :\u00a0 \u00a0Accueil\u00a0 \/ A propos de nous\u00a0 \/ Organisation ORGANISATION Organisation du COMENA La mise en \u0153uvre","_links":{"self":[{"href":"https:\/\/www.comena.dz\/index.php?rest_route=\/wp\/v2\/pages\/1060","targetHints":{"allow":["GET"]}}],"collection":[{"href":"https:\/\/www.comena.dz\/index.php?rest_route=\/wp\/v2\/pages"}],"about":[{"href":"https:\/\/www.comena.dz\/index.php?rest_route=\/wp\/v2\/types\/page"}],"author":[{"embeddable":true,"href":"https:\/\/www.comena.dz\/index.php?rest_route=\/wp\/v2\/users\/1"}],"replies":[{"embeddable":true,"href":"https:\/\/www.comena.dz\/index.php?rest_route=%2Fwp%2Fv2%2Fcomments&post=1060"}],"version-history":[{"count":19,"href":"https:\/\/www.comena.dz\/index.php?rest_route=\/wp\/v2\/pages\/1060\/revisions"}],"predecessor-version":[{"id":5272,"href":"https:\/\/www.comena.dz\/index.php?rest_route=\/wp\/v2\/pages\/1060\/revisions\/5272"}],"wp:featuredmedia":[{"embeddable":true,"href":"https:\/\/www.comena.dz\/index.php?rest_route=\/wp\/v2\/media\/1036"}],"wp:attachment":[{"href":"https:\/\/www.comena.dz\/index.php?rest_route=%2Fwp%2Fv2%2Fmedia&parent=1060"}],"curies":[{"name":"wp","href":"https:\/\/api.w.org\/{rel}","templated":true}]}}